{"id":910,"date":"2016-03-17T16:02:06","date_gmt":"2016-03-17T15:02:06","guid":{"rendered":"http:\/\/www.farmertronics.com\/?page_id=910&#038;lang=de"},"modified":"2020-06-11T13:39:58","modified_gmt":"2020-06-11T12:39:58","slug":"technologie","status":"publish","type":"page","link":"https:\/\/www.farmertronics.com\/de\/technologie\/","title":{"rendered":"Technologie"},"content":{"rendered":"<div class=\"fusion-fullwidth fullwidth-box fusion-builder-row-1 hundred-percent-fullwidth non-hundred-percent-height-scrolling\" style=\"--awb-border-radius-top-left:0px;--awb-border-radius-top-right:0px;--awb-border-radius-bottom-right:0px;--awb-border-radius-bottom-left:0px;--awb-overflow:visible;--awb-flex-wrap:wrap;\" ><div class=\"fusion-builder-row fusion-row\"><div class=\"fusion-layout-column fusion_builder_column fusion-builder-column-0 fusion_builder_column_1_3 1_3 fusion-one-third fusion-column-first\" style=\"--awb-bg-size:cover;width:33.333333333333%;width:calc(33.333333333333% - ( ( 4% ) * 0.33333333333333 ) );margin-right: 4%;\"><div class=\"fusion-column-wrapper fusion-flex-column-wrapper-legacy\">\n<h1><img decoding=\"async\" class=\"size-full wp-image-171 aligncenter\" src=\"https:\/\/www.farmertronics.com\/wp-content\/uploads\/2014\/09\/PrecisionFarming.png\" alt=\"PrecisionFarming\" width=\"224\" height=\"220\" srcset=\"https:\/\/www.farmertronics.com\/wp-content\/uploads\/2014\/09\/PrecisionFarming-52x50.png 52w, https:\/\/www.farmertronics.com\/wp-content\/uploads\/2014\/09\/PrecisionFarming-66x66.png 66w, https:\/\/www.farmertronics.com\/wp-content\/uploads\/2014\/09\/PrecisionFarming.png 224w\" sizes=\"(max-width: 224px) 100vw, 224px\" \/><\/h1>\n<div class=\"fusion-clearfix\"><\/div><\/div><\/div>\n<div class=\"fusion-layout-column fusion_builder_column fusion-builder-column-1 fusion_builder_column_1_2 1_2 fusion-one-half fusion-column-last\" style=\"--awb-bg-size:cover;width:50%;width:calc(50% - ( ( 4% ) * 0.5 ) );\"><div class=\"fusion-column-wrapper fusion-flex-column-wrapper-legacy\">\n<h1>Pr\u00e4zisionslandwirtschaft<\/h1>\n<p>Mit der Entwicklung der eTrac erh\u00e4lt die Pr\u00e4zisionslandwirtschaft eine v\u00f6llig neue Dimension. Das Land kann zuk\u00fcnftig nicht nur an der richtigen Stelle mithilfe von Satellitennavigation bearbeitet werden, sondern wird dies mit dem geringstm\u00f6glichen Energieverbrauch erfolgen. Die heutigen modernen Traktoren in der Pr\u00e4sisionslandwirtschaft zerst\u00f6ren Boden und Gew\u00e4chse mit ihrem Gewicht, dem hohen Energieverbrauch und ihrer Umweltbelastung. Sie tragen zur weiteren Aussch\u00f6pfung unserer nat\u00fcrlichen Energiereserven bei und vermindern die Profitabilit\u00e4t unserer Nahrungserzeugungsindustrie.<\/p>\n<div class=\"fusion-clearfix\"><\/div><\/div><\/div>\n<div class=\"fusion-layout-column fusion_builder_column fusion-builder-column-2 fusion_builder_column_1_1 1_1 fusion-one-full fusion-column-first fusion-column-last fusion-column-no-min-height\" style=\"--awb-bg-size:cover;--awb-margin-bottom:0px;\"><div class=\"fusion-column-wrapper fusion-flex-column-wrapper-legacy\"><div class=\"fusion-sep-clear\"><\/div><div class=\"fusion-separator fusion-full-width-sep\" style=\"margin-left: auto;margin-right: auto;margin-top:40px;margin-bottom:40px;width:100%;\"><div class=\"fusion-separator-border sep-shadow\" style=\"--awb-height:20px;--awb-amount:20px;background:radial-gradient(ellipse at 50% -50% , #e0dede 0px, rgba(255, 255, 255, 0) 80%) repeat scroll 0 0 rgba(0, 0, 0, 0);background:-webkit-radial-gradient(ellipse at 50% -50% , #e0dede 0px, rgba(255, 255, 255, 0) 80%) repeat scroll 0 0 rgba(0, 0, 0, 0);background:-moz-radial-gradient(ellipse at 50% -50% , #e0dede 0px, rgba(255, 255, 255, 0) 80%) repeat scroll 0 0 rgba(0, 0, 0, 0);background:-o-radial-gradient(ellipse at 50% -50% , #e0dede 0px, rgba(255, 255, 255, 0) 80%) repeat scroll 0 0 rgba(0, 0, 0, 0);\"><\/div><\/div><div class=\"fusion-sep-clear\"><\/div>\n<div class=\"fusion-clearfix\"><\/div><\/div><\/div><div class=\"fusion-layout-column fusion_builder_column fusion-builder-column-3 fusion_builder_column_1_3 1_3 fusion-one-third fusion-column-first\" style=\"--awb-bg-size:cover;width:33.333333333333%;width:calc(33.333333333333% - ( ( 4% ) * 0.33333333333333 ) );margin-right: 4%;\"><div class=\"fusion-column-wrapper fusion-flex-column-wrapper-legacy\">\n<h1><img decoding=\"async\" class=\"size-full wp-image-215 aligncenter\" src=\"https:\/\/www.farmertronics.com\/wp-content\/uploads\/2014\/09\/RenewableEnergy.png\" alt=\"RenewableEnergy\" width=\"224\" height=\"220\" srcset=\"https:\/\/www.farmertronics.com\/wp-content\/uploads\/2014\/09\/RenewableEnergy-52x50.png 52w, https:\/\/www.farmertronics.com\/wp-content\/uploads\/2014\/09\/RenewableEnergy-66x66.png 66w, https:\/\/www.farmertronics.com\/wp-content\/uploads\/2014\/09\/RenewableEnergy.png 224w\" sizes=\"(max-width: 224px) 100vw, 224px\" \/><\/h1>\n<div class=\"fusion-clearfix\"><\/div><\/div><\/div>\n<div class=\"fusion-layout-column fusion_builder_column fusion-builder-column-4 fusion_builder_column_1_2 1_2 fusion-one-half fusion-column-last\" style=\"--awb-bg-size:cover;width:50%;width:calc(50% - ( ( 4% ) * 0.5 ) );\"><div class=\"fusion-column-wrapper fusion-flex-column-wrapper-legacy\">\n<h1>Nutzung erneuerbarer Energie<\/h1>\n<p class=\"p1\">\u00d6kostrom, der auf landwirtschaftlichen H\u00f6fen mithilfe von Solarpanelen oder Windr\u00e4dern gewonnen wird, kann zur sicheren Herstellung und Speicherung vor Ort genutzt werden. Der gewonnene strom kann dann als Kraftstoff f\u00fcr den eTrac genutzt werden. Mithilfe der selbstst\u00e4ndigen Energiegewinnung und \u2013nutzung erlangt der Landwirt mit seinem Betrieb Unabh\u00e4ngigkeit von den g\u00e4ngigen und immer teurer werdenden fossilen Brandstoffen. Hierdurch tr\u00e4gt er zu einer umweltschonenden Bewirtschaftung seines Landes bei und entlastet das Klima. Denn sowohl bei der Energiegewinnung als auch bei der Energienutzung werden keinerlei Schadstoffe freigesetzt.<\/p>\n<div class=\"fusion-clearfix\"><\/div><\/div><\/div>\n<div class=\"fusion-layout-column fusion_builder_column fusion-builder-column-5 fusion_builder_column_1_1 1_1 fusion-one-full fusion-column-first fusion-column-last fusion-column-no-min-height\" style=\"--awb-bg-size:cover;--awb-margin-bottom:0px;\"><div class=\"fusion-column-wrapper fusion-flex-column-wrapper-legacy\"><div class=\"fusion-sep-clear\"><\/div><div class=\"fusion-separator fusion-full-width-sep\" style=\"margin-left: auto;margin-right: auto;margin-top:40px;margin-bottom:40px;width:100%;\"><div class=\"fusion-separator-border sep-shadow\" style=\"--awb-height:20px;--awb-amount:20px;background:radial-gradient(ellipse at 50% -50% , #e0dede 0px, rgba(255, 255, 255, 0) 80%) repeat scroll 0 0 rgba(0, 0, 0, 0);background:-webkit-radial-gradient(ellipse at 50% -50% , #e0dede 0px, rgba(255, 255, 255, 0) 80%) repeat scroll 0 0 rgba(0, 0, 0, 0);background:-moz-radial-gradient(ellipse at 50% -50% , #e0dede 0px, rgba(255, 255, 255, 0) 80%) repeat scroll 0 0 rgba(0, 0, 0, 0);background:-o-radial-gradient(ellipse at 50% -50% , #e0dede 0px, rgba(255, 255, 255, 0) 80%) repeat scroll 0 0 rgba(0, 0, 0, 0);\"><\/div><\/div><div class=\"fusion-sep-clear\"><\/div>\n<div class=\"fusion-clearfix\"><\/div><\/div><\/div><div class=\"fusion-layout-column fusion_builder_column fusion-builder-column-6 fusion_builder_column_1_3 1_3 fusion-one-third fusion-column-first\" style=\"--awb-bg-size:cover;width:33.333333333333%;width:calc(33.333333333333% - ( ( 4% ) * 0.33333333333333 ) );margin-right: 4%;\"><div class=\"fusion-column-wrapper fusion-flex-column-wrapper-legacy\"><img decoding=\"async\" class=\"size-full wp-image-198 aligncenter\" src=\"https:\/\/www.farmertronics.com\/wp-content\/uploads\/2014\/09\/grass.png\" alt=\"grass\" width=\"224\" height=\"220\" srcset=\"https:\/\/www.farmertronics.com\/wp-content\/uploads\/2014\/09\/grass-52x50.png 52w, https:\/\/www.farmertronics.com\/wp-content\/uploads\/2014\/09\/grass-66x66.png 66w, https:\/\/www.farmertronics.com\/wp-content\/uploads\/2014\/09\/grass.png 224w\" sizes=\"(max-width: 224px) 100vw, 224px\" \/><div class=\"fusion-clearfix\"><\/div><\/div><\/div>\n<div class=\"fusion-layout-column fusion_builder_column fusion-builder-column-7 fusion_builder_column_1_2 1_2 fusion-one-half fusion-column-last\" style=\"--awb-bg-size:cover;width:50%;width:calc(50% - ( ( 4% ) * 0.5 ) );\"><div class=\"fusion-column-wrapper fusion-flex-column-wrapper-legacy\">\n<h1>Pflanzenpflege und Kultivierung<\/h1>\n<p>Der eTrac von Farmertronics sammelt alle Daten der Kulturen mithilfe der speziellen Sensoren und speichert sie auf einem Cloud Computing Server. Auf diese Weise wird die Sch\u00f6pfungskette der Nahrungsmittelproduktion vollst\u00e4ndig registriert. Dem Landwirt stehen die Daten kontinuierlich zur Verf\u00fcgung. Hierdurch kann er seine Bewirtschaftung und Pflanzenpflege verbessern und perfektionieren.<\/p>\n<div class=\"fusion-clearfix\"><\/div><\/div><\/div>\n<div class=\"fusion-layout-column fusion_builder_column fusion-builder-column-8 fusion_builder_column_1_1 1_1 fusion-one-full fusion-column-first fusion-column-last fusion-column-no-min-height\" style=\"--awb-bg-size:cover;--awb-margin-bottom:0px;\"><div class=\"fusion-column-wrapper fusion-flex-column-wrapper-legacy\"><div class=\"fusion-sep-clear\"><\/div><div class=\"fusion-separator fusion-full-width-sep\" style=\"margin-left: auto;margin-right: auto;margin-top:40px;margin-bottom:40px;width:100%;\"><div class=\"fusion-separator-border sep-shadow\" style=\"--awb-height:20px;--awb-amount:20px;background:radial-gradient(ellipse at 50% -50% , #e0dede 0px, rgba(255, 255, 255, 0) 80%) repeat scroll 0 0 rgba(0, 0, 0, 0);background:-webkit-radial-gradient(ellipse at 50% -50% , #e0dede 0px, rgba(255, 255, 255, 0) 80%) repeat scroll 0 0 rgba(0, 0, 0, 0);background:-moz-radial-gradient(ellipse at 50% -50% , #e0dede 0px, rgba(255, 255, 255, 0) 80%) repeat scroll 0 0 rgba(0, 0, 0, 0);background:-o-radial-gradient(ellipse at 50% -50% , #e0dede 0px, rgba(255, 255, 255, 0) 80%) repeat scroll 0 0 rgba(0, 0, 0, 0);\"><\/div><\/div><div class=\"fusion-sep-clear\"><\/div>\n<div class=\"fusion-clearfix\"><\/div><\/div><\/div><div class=\"fusion-layout-column fusion_builder_column fusion-builder-column-9 fusion_builder_column_1_3 1_3 fusion-one-third fusion-column-first\" style=\"--awb-bg-size:cover;width:33.333333333333%;width:calc(33.333333333333% - ( ( 4% ) * 0.33333333333333 ) );margin-right: 4%;\"><div class=\"fusion-column-wrapper fusion-flex-column-wrapper-legacy\">\n<p><img decoding=\"async\" class=\"aligncenter size-full wp-image-222\" src=\"https:\/\/www.farmertronics.com\/wp-content\/uploads\/2014\/09\/FleetManagement11.png\" alt=\"FleetManagement1\" width=\"224\" height=\"220\" srcset=\"https:\/\/www.farmertronics.com\/wp-content\/uploads\/2014\/09\/FleetManagement11-52x50.png 52w, https:\/\/www.farmertronics.com\/wp-content\/uploads\/2014\/09\/FleetManagement11-66x66.png 66w, https:\/\/www.farmertronics.com\/wp-content\/uploads\/2014\/09\/FleetManagement11.png 224w\" sizes=\"(max-width: 224px) 100vw, 224px\" \/><div class=\"fusion-clearfix\"><\/div><\/div><\/div>\n<div class=\"fusion-layout-column fusion_builder_column fusion-builder-column-10 fusion_builder_column_1_2 1_2 fusion-one-half fusion-column-last\" style=\"--awb-bg-size:cover;width:50%;width:calc(50% - ( ( 4% ) * 0.5 ) );\"><div class=\"fusion-column-wrapper fusion-flex-column-wrapper-legacy\">\n<h1>Verwaltung und Steuerung aller bemannter und unbemannter Traktoren<\/h1>\n<p>Der unbemannte Farmertronics Clean Tech Traktor sendet durchg\u00e4ngig alle technischen Daten der Landbaumaschine zum Cloud Computing Server und wird \u00fcber diesen Server ebenfalls gesteuert. So k\u00f6nnen unbemannte und auch bemannte Traktoren aus der Ferne \u00fcberwacht und kontrolliert werden.<div class=\"fusion-clearfix\"><\/div><\/div><\/div><\/div><\/div>\n","protected":false},"excerpt":{"rendered":"","protected":false},"author":3,"featured_media":0,"parent":0,"menu_order":0,"comment_status":"open","ping_status":"open","template":"","meta":{"footnotes":""},"class_list":["post-910","page","type-page","status-publish","hentry"],"_links":{"self":[{"href":"https:\/\/www.farmertronics.com\/de\/wp-json\/wp\/v2\/pages\/910","targetHints":{"allow":["GET"]}}],"collection":[{"href":"https:\/\/www.farmertronics.com\/de\/wp-json\/wp\/v2\/pages"}],"about":[{"href":"https:\/\/www.farmertronics.com\/de\/wp-json\/wp\/v2\/types\/page"}],"author":[{"embeddable":true,"href":"https:\/\/www.farmertronics.com\/de\/wp-json\/wp\/v2\/users\/3"}],"replies":[{"embeddable":true,"href":"https:\/\/www.farmertronics.com\/de\/wp-json\/wp\/v2\/comments?post=910"}],"version-history":[{"count":5,"href":"https:\/\/www.farmertronics.com\/de\/wp-json\/wp\/v2\/pages\/910\/revisions"}],"predecessor-version":[{"id":2514,"href":"https:\/\/www.farmertronics.com\/de\/wp-json\/wp\/v2\/pages\/910\/revisions\/2514"}],"wp:attachment":[{"href":"https:\/\/www.farmertronics.com\/de\/wp-json\/wp\/v2\/media?parent=910"}],"curies":[{"name":"wp","href":"https:\/\/api.w.org\/{rel}","templated":true}]}}